{"id":37,"date":"2015-08-21T00:21:48","date_gmt":"2015-08-20T22:21:48","guid":{"rendered":"http:\/\/www.studiolegalesenatore.it\/avvocati\/?page_id=37"},"modified":"2021-09-03T10:50:12","modified_gmt":"2021-09-03T08:50:12","slug":"sportello-consolare","status":"publish","type":"page","link":"https:\/\/www.studiolegalesenatore.it\/avvocati\/sportello-consolare\/","title":{"rendered":"Sportello consolare"},"content":{"rendered":"[vc_row][vc_column][lawyer_trial_about_output title=&#8221;Sportello consolare&#8221; desc=&#8221;Lo Studio Legale Senatore fornisce assistenza giuridica in materia di diritto di famiglia a cittadini cubani, italiani e di altre nazionalit\u00e0 residenti in Italia.<\/p>\n<p>Lo Sportello Consolare istituito in collaborazione con la Sezione Consolare dell&#8217;Ambasciata di Cuba a Roma. d\u00e0 assistenza nello svolgimento delle pratiche consolari, facilitando l\u2019accesso dei cittadini ai servizi relativi alle pratiche migratorie, a quelle notarili e alle trascrizioni del registro civile<\/p>\n<p>Per lo svolgimento delle pratiche consolari lo Sportello \u00e8 aperto al pubblico il marted\u00ec ed il gioved\u00ec dalle 17.00 alle 19.00. Per informazioni telefoniche contattare il numero 081 5587520 oppure inviare un&#8217;e-mail a: <a href=\"mailto:info@cubacampania.com\">info@cubacampania.com<\/a> .<\/p>\n<p>Grazie alla collaborazione di importanti studi legali cubani, \u00e8 possibile avviare dall&#8217;Italia la procedura di divorzio secondo la normativa cubana per i matrimoni celebrati sull&#8217;Isola.<\/p>\n<p>Per maggiori informazioni visitare il sito web: <a href=\"http:\/\/www.cubacampania.com\">www.cubacampania.com<\/a>&#8221; img=&#8221;423&#8243;][\/vc_column][\/vc_row]\n","protected":false},"excerpt":{"rendered":"<p>[vc_row][vc_column][lawyer_trial_about_output title=&#8221;Sportello consolare&#8221; desc=&#8221;Lo Studio Legale Senatore fornisce assistenza giuridica in materia di diritto di famiglia a cittadini cubani, italiani e di altre nazionalit\u00e0 residenti in Italia. Lo Sportello Consolare istituito in collaborazione con la Sezione Consolare dell&#8217;Ambasciata di Cuba a Roma. d\u00e0 assistenza nello svolgimento delle pratiche consolari, facilitando l\u2019accesso dei cittadini ai servizi relativi alle pratiche migratorie, a quelle notarili e alle trascrizioni del registro civile Per lo svolgimento delle pratiche consolari lo Sportello \u00e8 aperto al pubblico il marted\u00ec ed il gioved\u00ec dalle 17.00 alle 19.00. Per informazioni telefoniche contattare il numero 081 5587520 oppure inviare un&#8217;e-mail [&hellip;]<\/p>\n","protected":false},"author":1,"featured_media":0,"parent":0,"menu_order":0,"comment_status":"closed","ping_status":"open","template":"","meta":[],"_links":{"self":[{"href":"https:\/\/www.studiolegalesenatore.it\/avvocati\/wp-json\/wp\/v2\/pages\/37"}],"collection":[{"href":"https:\/\/www.studiolegalesenatore.it\/avvocati\/wp-json\/wp\/v2\/pages"}],"about":[{"href":"https:\/\/www.studiolegalesenatore.it\/avvocati\/wp-json\/wp\/v2\/types\/page"}],"author":[{"embeddable":true,"href":"https:\/\/www.studiolegalesenatore.it\/avvocati\/wp-json\/wp\/v2\/users\/1"}],"replies":[{"embeddable":true,"href":"https:\/\/www.studiolegalesenatore.it\/avvocati\/wp-json\/wp\/v2\/comments?post=37"}],"version-history":[{"count":5,"href":"https:\/\/www.studiolegalesenatore.it\/avvocati\/wp-json\/wp\/v2\/pages\/37\/revisions"}],"predecessor-version":[{"id":820,"href":"https:\/\/www.studiolegalesenatore.it\/avvocati\/wp-json\/wp\/v2\/pages\/37\/revisions\/820"}],"wp:attachment":[{"href":"https:\/\/www.studiolegalesenatore.it\/avvocati\/wp-json\/wp\/v2\/media?parent=37"}],"curies":[{"name":"wp","href":"https:\/\/api.w.org\/{rel}","templated":true}]}}